{"id":3397,"date":"2018-10-09T09:16:29","date_gmt":"2018-10-09T09:16:29","guid":{"rendered":"https:\/\/carguarddrone.eu\/about-us\/"},"modified":"2024-01-25T09:34:46","modified_gmt":"2024-01-25T09:34:46","slug":"about-us","status":"publish","type":"page","link":"https:\/\/carguarddrone.eu\/en\/about-us\/","title":{"rendered":"About us"},"content":{"rendered":"\t\t<div data-elementor-type=\"wp-post\" data-elementor-id=\"3397\" class=\"elementor elementor-3397\" data-elementor-post-type=\"page\">\n\t\t\t\t\t\t<section class=\"elementor-section elementor-top-section elementor-element elementor-element-17bcdc6 elementor-section-boxed elementor-section-height-default elementor-section-height-default\" data-id=\"17bcdc6\" data-element_type=\"section\">\n\t\t\t\t\t\t<div class=\"elementor-container elementor-column-gap-default\">\n\t\t\t\t\t<div class=\"elementor-column elementor-col-100 elementor-top-column elementor-element elementor-element-7152954\" data-id=\"7152954\" data-element_type=\"column\">\n\t\t\t<div class=\"elementor-widget-wrap elementor-element-populated\">\n\t\t\t\t\t\t<div class=\"elementor-element elementor-element-956309d elementor-widget elementor-widget-heading\" data-id=\"956309d\" data-element_type=\"widget\" data-widget_type=\"heading.default\">\n\t\t\t\t<div class=\"elementor-widget-container\">\n\t\t\t<h1 class=\"elementor-heading-title elementor-size-default\">About us<\/h1>\t\t<\/div>\n\t\t\t\t<\/div>\n\t\t\t\t\t<\/div>\n\t\t<\/div>\n\t\t\t\t\t<\/div>\n\t\t<\/section>\n\t\t\t\t<section class=\"elementor-section elementor-top-section elementor-element elementor-element-35833b72 elementor-section-boxed elementor-section-height-default elementor-section-height-default\" data-id=\"35833b72\" data-element_type=\"section\" data-settings=\"{&quot;background_background&quot;:&quot;classic&quot;}\">\n\t\t\t\t\t\t<div class=\"elementor-container elementor-column-gap-no\">\n\t\t\t\t\t<div class=\"elementor-column elementor-col-33 elementor-top-column elementor-element elementor-element-4e4f91b1\" data-id=\"4e4f91b1\" data-element_type=\"column\">\n\t\t\t<div class=\"elementor-widget-wrap elementor-element-populated\">\n\t\t\t\t\t\t<div class=\"elementor-element elementor-element-5a6386b elementor-widget elementor-widget-heading\" data-id=\"5a6386b\" data-element_type=\"widget\" data-widget_type=\"heading.default\">\n\t\t\t\t<div class=\"elementor-widget-container\">\n\t\t\t<h5 class=\"elementor-heading-title elementor-size-default\">Welcome!<\/h5>\t\t<\/div>\n\t\t\t\t<\/div>\n\t\t\t\t<div class=\"elementor-element elementor-element-1ffc8b54 elementor-widget elementor-widget-heading\" data-id=\"1ffc8b54\" data-element_type=\"widget\" data-widget_type=\"heading.default\">\n\t\t\t\t<div class=\"elementor-widget-container\">\n\t\t\t<h2 class=\"elementor-heading-title elementor-size-default\">We are Globiz Group.<\/h2>\t\t<\/div>\n\t\t\t\t<\/div>\n\t\t\t\t<div class=\"elementor-element elementor-element-f112d70 elementor-widget elementor-widget-image\" data-id=\"f112d70\" data-element_type=\"widget\" data-widget_type=\"image.default\">\n\t\t\t\t<div class=\"elementor-widget-container\">\n\t\t\t\t\t\t\t\t\t\t\t\t\t<img decoding=\"async\" width=\"207\" height=\"64\" src=\"https:\/\/carguarddrone.eu\/wp-content\/uploads\/2023\/06\/logo.png\" class=\"attachment-large size-large wp-image-1262\" alt=\"\" \/>\t\t\t\t\t\t\t\t\t\t\t\t\t<\/div>\n\t\t\t\t<\/div>\n\t\t\t\t\t<\/div>\n\t\t<\/div>\n\t\t\t\t<div class=\"elementor-column elementor-col-66 elementor-top-column elementor-element elementor-element-3675354a\" data-id=\"3675354a\" data-element_type=\"column\">\n\t\t\t<div class=\"elementor-widget-wrap elementor-element-populated\">\n\t\t\t\t\t\t<div class=\"elementor-element elementor-element-29886a31 elementor-widget elementor-widget-text-editor\" data-id=\"29886a31\" data-element_type=\"widget\" data-widget_type=\"text-editor.default\">\n\t\t\t\t<div class=\"elementor-widget-container\">\n\t\t\t\t\t\t\t<div class=\"elementor-element elementor-element-41727ad elementor-widget elementor-widget-text-editor\" data-id=\"41727ad\" data-element_type=\"widget\" data-widget_type=\"text-editor.default\"><div class=\"elementor-widget-container\"><p>We, the <a href=\"https:\/\/globiz.ro\/\">Globiz Team<\/a> have been working in Romania since 2002.<\/p><\/div><\/div><div class=\"elementor-element elementor-element-5c3957c5 elementor-widget elementor-widget-text-editor\" data-id=\"5c3957c5\" data-element_type=\"widget\" data-widget_type=\"text-editor.default\"><div class=\"elementor-widget-container\"><p>We are the sole importer in Romania for products marketed under brand names recognized in Europe: Carguard, MNC, Maxwell-Digital, Phenom, Handy, etc. and offer these products to the European market at competitive prices.<\/p><p>On <a href=\"https:\/\/carguarddrone.eu\/\">carguarddrone.eu<\/a> we address you farmers, growers and companies in the agricultural industry who want to benefit from the advantages of agricultural drone technology to optimise and improve agricultural activities. These services can also be used by agricultural research organisations, agricultural consultants and other entities involved in agriculture.<\/p><\/div><\/div>\t\t\t\t\t\t<\/div>\n\t\t\t\t<\/div>\n\t\t\t\t\t<\/div>\n\t\t<\/div>\n\t\t\t\t\t<\/div>\n\t\t<\/section>\n\t\t\t\t<section class=\"elementor-section elementor-top-section elementor-element elementor-element-8f7e608 elementor-section-boxed elementor-section-height-default elementor-section-height-default\" data-id=\"8f7e608\" data-element_type=\"section\" data-settings=\"{&quot;background_background&quot;:&quot;classic&quot;}\">\n\t\t\t\t\t\t<div class=\"elementor-container elementor-column-gap-default\">\n\t\t\t\t\t<div class=\"elementor-column elementor-col-100 elementor-top-column elementor-element elementor-element-aa6bfe9\" data-id=\"aa6bfe9\" data-element_type=\"column\">\n\t\t\t<div class=\"elementor-widget-wrap\">\n\t\t\t\t\t\t\t<\/div>\n\t\t<\/div>\n\t\t\t\t\t<\/div>\n\t\t<\/section>\n\t\t\t\t<section class=\"elementor-section elementor-top-section elementor-element elementor-element-5dcbfe4a elementor-section-boxed elementor-section-height-default elementor-section-height-default\" data-id=\"5dcbfe4a\" data-element_type=\"section\">\n\t\t\t\t\t\t<div class=\"elementor-container elementor-column-gap-no\">\n\t\t\t\t\t<div class=\"elementor-column elementor-col-100 elementor-top-column elementor-element elementor-element-6058f88d\" data-id=\"6058f88d\" data-element_type=\"column\">\n\t\t\t<div class=\"elementor-widget-wrap elementor-element-populated\">\n\t\t\t\t\t\t<div class=\"elementor-element elementor-element-6eced759 elementor-widget elementor-widget-heading\" data-id=\"6eced759\" data-element_type=\"widget\" data-widget_type=\"heading.default\">\n\t\t\t\t<div class=\"elementor-widget-container\">\n\t\t\t<h3 class=\"elementor-heading-title elementor-size-default\">Who are we, what do we do?<\/h3>\t\t<\/div>\n\t\t\t\t<\/div>\n\t\t\t\t<div class=\"elementor-element elementor-element-4eb7229e elementor-widget-divider--view-line elementor-widget elementor-widget-divider\" data-id=\"4eb7229e\" data-element_type=\"widget\" data-widget_type=\"divider.default\">\n\t\t\t\t<div class=\"elementor-widget-container\">\n\t\t\t\t\t<div class=\"elementor-divider\">\n\t\t\t<span class=\"elementor-divider-separator\">\n\t\t\t\t\t\t<\/span>\n\t\t<\/div>\n\t\t\t\t<\/div>\n\t\t\t\t<\/div>\n\t\t\t\t<div class=\"elementor-element elementor-element-6a5a43ae elementor-widget elementor-widget-text-editor\" data-id=\"6a5a43ae\" data-element_type=\"widget\" data-widget_type=\"text-editor.default\">\n\t\t\t\t<div class=\"elementor-widget-container\">\n\t\t\t\t\t\t\t<p>The Globiz team has been in business in Romania since 2002. The parent company, Globiz International KFT from Hungary, has more than 20 years of experience in commercial activities, with offices in Germany, Slovakia, Serbia, UK.<\/p>\n<\/p>\n<p>Suntem unic importator \u00een Rom\u00e2nia pentru produsele comercializate sub m\u0103rci recunoscute \u00een Europa: Carguard, MNC, Maxwell-Digital, Phenom, Handy, etc. and offer these products on the market at competitive prices.<\/p>\n<\/p>\n<p>We offer more than 2,000 types of products, for example: professional audio equipment, tools, tool bags, soldering products, batteries, multimeters, mounting accessories, extension cords, adapters and car accessories.<\/p>\n<\/p>\n<p>Orders are delivered within 48 hours nationwide, and we offer a 2-3 year warranty on automotive, electrical and electronic accessories. Periodic expediem newslettere. This gives you access to up-to-date information and promotional offers. Our agents are at your disposal for any further information.<\/p>\n<p>Our online shop has been running continuously since 2007. Here you can easily identify all the necessary information about our products and services, downloadable content and detailed description in combination with the visual image of the products offered.<\/p>\n<p>Our offer is aimed at the following categories of customers, legal entities:<\/p>\n<ul class=\"list\">\n<li>hypermarket chains;<\/li>\n<li>shops specialising in the following groups of goods: car parts and accessories, DIY, electrical and electronics;<\/li>\n<li>car dealerships;<\/li>\n<li>car service;<\/li>\n<li>other companies, electrical assembly services.<\/li>\n<\/ul>\n<p>Our client portfolio is distinguished by a considerable number of prestigious partners who enjoy our full attention. Through the quality of our products and services, professionalism and promptness, we meet the most demanding requirements of our customers.<\/p>\n\t\t\t\t\t\t<\/div>\n\t\t\t\t<\/div>\n\t\t\t\t\t<\/div>\n\t\t<\/div>\n\t\t\t\t\t<\/div>\n\t\t<\/section>\n\t\t\t\t<section class=\"elementor-section elementor-top-section elementor-element elementor-element-3d38a6e2 elementor-section-content-bottom elementor-hidden-desktop elementor-hidden-tablet elementor-hidden-mobile elementor-section-boxed elementor-section-height-default elementor-section-height-default\" data-id=\"3d38a6e2\" data-element_type=\"section\" data-settings=\"{&quot;background_background&quot;:&quot;classic&quot;}\">\n\t\t\t\t\t\t<div class=\"elementor-container elementor-column-gap-no\">\n\t\t\t\t\t<div class=\"elementor-column elementor-col-25 elementor-top-column elementor-element elementor-element-5ba495e7\" data-id=\"5ba495e7\" data-element_type=\"column\">\n\t\t\t<div class=\"elementor-widget-wrap elementor-element-populated\">\n\t\t\t\t\t\t<div class=\"elementor-element elementor-element-edca53 elementor-widget elementor-widget-counter\" data-id=\"edca53\" data-element_type=\"widget\" data-widget_type=\"counter.default\">\n\t\t\t\t<div class=\"elementor-widget-container\">\n\t\t\t\t\t<div class=\"elementor-counter\">\n\t\t\t<div class=\"elementor-counter-title\">Proiecte realizate<\/div>\t\t\t<div class=\"elementor-counter-number-wrapper\">\n\t\t\t\t<span class=\"elementor-counter-number-prefix\"><\/span>\n\t\t\t\t<span class=\"elementor-counter-number\" data-duration=\"2000\" data-to-value=\"350\" data-from-value=\"0\" data-delimiter=\",\">0<\/span>\n\t\t\t\t<span class=\"elementor-counter-number-suffix\">+<\/span>\n\t\t\t<\/div>\n\t\t<\/div>\n\t\t\t\t<\/div>\n\t\t\t\t<\/div>\n\t\t\t\t\t<\/div>\n\t\t<\/div>\n\t\t\t\t<div class=\"elementor-column elementor-col-25 elementor-top-column elementor-element elementor-element-474f8d66\" data-id=\"474f8d66\" data-element_type=\"column\">\n\t\t\t<div class=\"elementor-widget-wrap elementor-element-populated\">\n\t\t\t\t\t\t<div class=\"elementor-element elementor-element-148aa3d9 elementor-widget elementor-widget-counter\" data-id=\"148aa3d9\" data-element_type=\"widget\" data-widget_type=\"counter.default\">\n\t\t\t\t<div class=\"elementor-widget-container\">\n\t\t\t\t\t<div class=\"elementor-counter\">\n\t\t\t<div class=\"elementor-counter-title\">Happy Clients<\/div>\t\t\t<div class=\"elementor-counter-number-wrapper\">\n\t\t\t\t<span class=\"elementor-counter-number-prefix\"><\/span>\n\t\t\t\t<span class=\"elementor-counter-number\" data-duration=\"2000\" data-to-value=\"435\" data-from-value=\"0\" data-delimiter=\",\">0<\/span>\n\t\t\t\t<span class=\"elementor-counter-number-suffix\"><\/span>\n\t\t\t<\/div>\n\t\t<\/div>\n\t\t\t\t<\/div>\n\t\t\t\t<\/div>\n\t\t\t\t\t<\/div>\n\t\t<\/div>\n\t\t\t\t<div class=\"elementor-column elementor-col-25 elementor-top-column elementor-element elementor-element-1aaeeb32\" data-id=\"1aaeeb32\" data-element_type=\"column\">\n\t\t\t<div class=\"elementor-widget-wrap elementor-element-populated\">\n\t\t\t\t\t\t<div class=\"elementor-element elementor-element-28ccdfb0 elementor-widget elementor-widget-counter\" data-id=\"28ccdfb0\" data-element_type=\"widget\" data-widget_type=\"counter.default\">\n\t\t\t\t<div class=\"elementor-widget-container\">\n\t\t\t\t\t<div class=\"elementor-counter\">\n\t\t\t<div class=\"elementor-counter-title\">Plants Types<\/div>\t\t\t<div class=\"elementor-counter-number-wrapper\">\n\t\t\t\t<span class=\"elementor-counter-number-prefix\"><\/span>\n\t\t\t\t<span class=\"elementor-counter-number\" data-duration=\"2000\" data-to-value=\"1250\" data-from-value=\"0\">0<\/span>\n\t\t\t\t<span class=\"elementor-counter-number-suffix\">+<\/span>\n\t\t\t<\/div>\n\t\t<\/div>\n\t\t\t\t<\/div>\n\t\t\t\t<\/div>\n\t\t\t\t\t<\/div>\n\t\t<\/div>\n\t\t\t\t<div class=\"elementor-column elementor-col-25 elementor-top-column elementor-element elementor-element-4ae7674f\" data-id=\"4ae7674f\" data-element_type=\"column\">\n\t\t\t<div class=\"elementor-widget-wrap elementor-element-populated\">\n\t\t\t\t\t\t<div class=\"elementor-element elementor-element-25b0ffda elementor-widget elementor-widget-counter\" data-id=\"25b0ffda\" data-element_type=\"widget\" data-widget_type=\"counter.default\">\n\t\t\t\t<div class=\"elementor-widget-container\">\n\t\t\t\t\t<div class=\"elementor-counter\">\n\t\t\t<div class=\"elementor-counter-title\">Trees Planted<\/div>\t\t\t<div class=\"elementor-counter-number-wrapper\">\n\t\t\t\t<span class=\"elementor-counter-number-prefix\"><\/span>\n\t\t\t\t<span class=\"elementor-counter-number\" data-duration=\"2000\" data-to-value=\"985\" data-from-value=\"0\" data-delimiter=\",\">0<\/span>\n\t\t\t\t<span class=\"elementor-counter-number-suffix\"><\/span>\n\t\t\t<\/div>\n\t\t<\/div>\n\t\t\t\t<\/div>\n\t\t\t\t<\/div>\n\t\t\t\t\t<\/div>\n\t\t<\/div>\n\t\t\t\t\t<\/div>\n\t\t<\/section>\n\t\t\t\t<\/div>\n\t\t","protected":false},"excerpt":{"rendered":"<p>About us Welcome! We are Globiz Group. We, the Globiz Team have been working in Romania since 2002. We are the sole importer in Romania for products marketed under brand names recognized in Europe: Carguard, MNC, Maxwell-Digital, Phenom, Handy, etc. and offer these products to the European market at competitive prices. On carguarddrone.eu we address [&hellip;]<\/p>\n","protected":false},"author":1,"featured_media":0,"parent":0,"menu_order":0,"comment_status":"closed","ping_status":"closed","template":"","meta":{"site-sidebar-layout":"no-sidebar","site-content-layout":"page-builder","ast-site-content-layout":"","site-content-style":"default","site-sidebar-style":"default","ast-global-header-display":"","ast-banner-title-visibility":"","ast-main-header-display":"","ast-hfb-above-header-display":"","ast-hfb-below-header-display":"","ast-hfb-mobile-header-display":"","site-post-title":"disabled","ast-breadcrumbs-content":"","ast-featured-img":"disabled","footer-sml-layout":"","theme-transparent-header-meta":"enabled","adv-header-id-meta":"","stick-header-meta":"","header-above-stick-meta":"","header-main-stick-meta":"","header-below-stick-meta":"","astra-migrate-meta-layouts":"default","ast-page-background-enabled":"default","ast-page-background-meta":{"desktop":{"background-color":"","background-image":"","background-repeat":"repeat","background-position":"center center","background-size":"auto","background-attachment":"scroll","background-type":"","background-media":"","overlay-type":"","overlay-color":"","overlay-opacity":"","overlay-gradient":""},"tablet":{"background-color":"","background-image":"","background-repeat":"repeat","background-position":"center center","background-size":"auto","background-attachment":"scroll","background-type":"","background-media":"","overlay-type":"","overlay-color":"","overlay-opacity":"","overlay-gradient":""},"mobile":{"background-color":"","background-image":"","background-repeat":"repeat","background-position":"center center","background-size":"auto","background-attachment":"scroll","background-type":"","background-media":"","overlay-type":"","overlay-color":"","overlay-opacity":"","overlay-gradient":""}},"ast-content-background-meta":{"desktop":{"background-color":"var(--ast-global-color-5)","background-image":"","background-repeat":"repeat","background-position":"center center","background-size":"auto","background-attachment":"scroll","background-type":"","background-media":"","overlay-type":"","overlay-color":"","overlay-opacity":"","overlay-gradient":""},"tablet":{"background-color":"var(--ast-global-color-5)","background-image":"","background-repeat":"repeat","background-position":"center center","background-size":"auto","background-attachment":"scroll","background-type":"","background-media":"","overlay-type":"","overlay-color":"","overlay-opacity":"","overlay-gradient":""},"mobile":{"background-color":"var(--ast-global-color-5)","background-image":"","background-repeat":"repeat","background-position":"center center","background-size":"auto","background-attachment":"scroll","background-type":"","background-media":"","overlay-type":"","overlay-color":"","overlay-opacity":"","overlay-gradient":""}},"footnotes":""},"class_list":["post-3397","page","type-page","status-publish","hentry"],"yoast_head":"<!-- This site is optimized with the Yoast SEO Premium plugin v20.9 (Yoast SEO v24.0) - https:\/\/yoast.com\/wordpress\/plugins\/seo\/ -->\n<title>About us - Carguard Drone<\/title>\n<meta name=\"robots\" content=\"noindex, nofollow\" \/>\n<meta property=\"og:locale\" content=\"en_GB\" \/>\n<meta property=\"og:type\" content=\"article\" \/>\n<meta property=\"og:title\" content=\"About us\" \/>\n<meta property=\"og:description\" content=\"About us Welcome! We are Globiz Group. We, the Globiz Team have been working in Romania since 2002. We are the sole importer in Romania for products marketed under brand names recognized in Europe: Carguard, MNC, Maxwell-Digital, Phenom, Handy, etc. and offer these products to the European market at competitive prices. On carguarddrone.eu we address [&hellip;]\" \/>\n<meta property=\"og:url\" content=\"https:\/\/carguarddrone.eu\/en\/about-us\/\" \/>\n<meta property=\"og:site_name\" content=\"Carguard Drone\" \/>\n<meta property=\"article:modified_time\" content=\"2024-01-25T09:34:46+00:00\" \/>\n<meta property=\"og:image\" content=\"https:\/\/carguarddrone.eu\/wp-content\/uploads\/2023\/06\/logo.png\" \/>\n<meta name=\"twitter:card\" content=\"summary_large_image\" \/>\n<meta name=\"twitter:label1\" content=\"Estimated reading time\" \/>\n\t<meta name=\"twitter:data1\" content=\"3 minutes\" \/>\n<script type=\"application\/ld+json\" class=\"yoast-schema-graph\">{\"@context\":\"https:\/\/schema.org\",\"@graph\":[{\"@type\":\"WebPage\",\"@id\":\"https:\/\/carguarddrone.eu\/about-us\/\",\"url\":\"https:\/\/carguarddrone.eu\/about-us\/\",\"name\":\"About us - Carguard Drone\",\"isPartOf\":{\"@id\":\"https:\/\/carguarddrone.eu\/#website\"},\"primaryImageOfPage\":{\"@id\":\"https:\/\/carguarddrone.eu\/about-us\/#primaryimage\"},\"image\":{\"@id\":\"https:\/\/carguarddrone.eu\/about-us\/#primaryimage\"},\"thumbnailUrl\":\"https:\/\/carguarddrone.eu\/wp-content\/uploads\/2023\/06\/logo.png\",\"datePublished\":\"2018-10-09T09:16:29+00:00\",\"dateModified\":\"2024-01-25T09:34:46+00:00\",\"breadcrumb\":{\"@id\":\"https:\/\/carguarddrone.eu\/about-us\/#breadcrumb\"},\"inLanguage\":\"en-GB\",\"potentialAction\":[{\"@type\":\"ReadAction\",\"target\":[\"https:\/\/carguarddrone.eu\/about-us\/\"]}]},{\"@type\":\"ImageObject\",\"inLanguage\":\"en-GB\",\"@id\":\"https:\/\/carguarddrone.eu\/about-us\/#primaryimage\",\"url\":\"https:\/\/carguarddrone.eu\/wp-content\/uploads\/2023\/06\/logo.png\",\"contentUrl\":\"https:\/\/carguarddrone.eu\/wp-content\/uploads\/2023\/06\/logo.png\"},{\"@type\":\"BreadcrumbList\",\"@id\":\"https:\/\/carguarddrone.eu\/about-us\/#breadcrumb\",\"itemListElement\":[{\"@type\":\"ListItem\",\"position\":1,\"name\":\"Home\",\"item\":\"https:\/\/carguarddrone.eu\/en\/\"},{\"@type\":\"ListItem\",\"position\":2,\"name\":\"About us\"}]},{\"@type\":\"WebSite\",\"@id\":\"https:\/\/carguarddrone.eu\/#website\",\"url\":\"https:\/\/carguarddrone.eu\/\",\"name\":\"carguarddrone.eu\",\"description\":\"Agricultural drone for you farm\",\"potentialAction\":[{\"@type\":\"SearchAction\",\"target\":{\"@type\":\"EntryPoint\",\"urlTemplate\":\"https:\/\/carguarddrone.eu\/?s={search_term_string}\"},\"query-input\":{\"@type\":\"PropertyValueSpecification\",\"valueRequired\":true,\"valueName\":\"search_term_string\"}}],\"inLanguage\":\"en-GB\"}]}<\/script>\n<!-- \/ Yoast SEO Premium plugin. -->","yoast_head_json":{"title":"About us - Carguard Drone","robots":{"index":"noindex","follow":"nofollow"},"og_locale":"en_GB","og_type":"article","og_title":"About us","og_description":"About us Welcome! We are Globiz Group. We, the Globiz Team have been working in Romania since 2002. We are the sole importer in Romania for products marketed under brand names recognized in Europe: Carguard, MNC, Maxwell-Digital, Phenom, Handy, etc. and offer these products to the European market at competitive prices. On carguarddrone.eu we address [&hellip;]","og_url":"https:\/\/carguarddrone.eu\/en\/about-us\/","og_site_name":"Carguard Drone","article_modified_time":"2024-01-25T09:34:46+00:00","og_image":[{"url":"https:\/\/carguarddrone.eu\/wp-content\/uploads\/2023\/06\/logo.png","type":"","width":"","height":""}],"twitter_card":"summary_large_image","twitter_misc":{"Estimated reading time":"3 minutes"},"schema":{"@context":"https:\/\/schema.org","@graph":[{"@type":"WebPage","@id":"https:\/\/carguarddrone.eu\/about-us\/","url":"https:\/\/carguarddrone.eu\/about-us\/","name":"About us - Carguard Drone","isPartOf":{"@id":"https:\/\/carguarddrone.eu\/#website"},"primaryImageOfPage":{"@id":"https:\/\/carguarddrone.eu\/about-us\/#primaryimage"},"image":{"@id":"https:\/\/carguarddrone.eu\/about-us\/#primaryimage"},"thumbnailUrl":"https:\/\/carguarddrone.eu\/wp-content\/uploads\/2023\/06\/logo.png","datePublished":"2018-10-09T09:16:29+00:00","dateModified":"2024-01-25T09:34:46+00:00","breadcrumb":{"@id":"https:\/\/carguarddrone.eu\/about-us\/#breadcrumb"},"inLanguage":"en-GB","potentialAction":[{"@type":"ReadAction","target":["https:\/\/carguarddrone.eu\/about-us\/"]}]},{"@type":"ImageObject","inLanguage":"en-GB","@id":"https:\/\/carguarddrone.eu\/about-us\/#primaryimage","url":"https:\/\/carguarddrone.eu\/wp-content\/uploads\/2023\/06\/logo.png","contentUrl":"https:\/\/carguarddrone.eu\/wp-content\/uploads\/2023\/06\/logo.png"},{"@type":"BreadcrumbList","@id":"https:\/\/carguarddrone.eu\/about-us\/#breadcrumb","itemListElement":[{"@type":"ListItem","position":1,"name":"Home","item":"https:\/\/carguarddrone.eu\/en\/"},{"@type":"ListItem","position":2,"name":"About us"}]},{"@type":"WebSite","@id":"https:\/\/carguarddrone.eu\/#website","url":"https:\/\/carguarddrone.eu\/","name":"carguarddrone.eu","description":"Agricultural drone for you farm","potentialAction":[{"@type":"SearchAction","target":{"@type":"EntryPoint","urlTemplate":"https:\/\/carguarddrone.eu\/?s={search_term_string}"},"query-input":{"@type":"PropertyValueSpecification","valueRequired":true,"valueName":"search_term_string"}}],"inLanguage":"en-GB"}]}},"_links":{"self":[{"href":"https:\/\/carguarddrone.eu\/en\/wp-json\/wp\/v2\/pages\/3397","targetHints":{"allow":["GET"]}}],"collection":[{"href":"https:\/\/carguarddrone.eu\/en\/wp-json\/wp\/v2\/pages"}],"about":[{"href":"https:\/\/carguarddrone.eu\/en\/wp-json\/wp\/v2\/types\/page"}],"author":[{"embeddable":true,"href":"https:\/\/carguarddrone.eu\/en\/wp-json\/wp\/v2\/users\/1"}],"replies":[{"embeddable":true,"href":"https:\/\/carguarddrone.eu\/en\/wp-json\/wp\/v2\/comments?post=3397"}],"version-history":[{"count":10,"href":"https:\/\/carguarddrone.eu\/en\/wp-json\/wp\/v2\/pages\/3397\/revisions"}],"predecessor-version":[{"id":3672,"href":"https:\/\/carguarddrone.eu\/en\/wp-json\/wp\/v2\/pages\/3397\/revisions\/3672"}],"wp:attachment":[{"href":"https:\/\/carguarddrone.eu\/en\/wp-json\/wp\/v2\/media?parent=3397"}],"curies":[{"name":"wp","href":"https:\/\/api.w.org\/{rel}","templated":true}]}}